{"id":670,"date":"2018-10-01T13:10:34","date_gmt":"2018-10-01T13:10:34","guid":{"rendered":"https:\/\/volcanokebab.is\/?page_id=670"},"modified":"2023-10-18T20:55:10","modified_gmt":"2023-10-18T20:55:10","slug":"contact-us","status":"publish","type":"page","link":"https:\/\/volcanokebab.is\/is\/contact-us\/","title":{"rendered":"Haf\u00f0u samband vi\u00f0 okkur"},"content":{"rendered":"<div data-elementor-type=\"wp-post\" data-elementor-id=\"670\" class=\"elementor elementor-670\" data-elementor-post-type=\"page\">\n\t\t\t\t\t\t<section class=\"elementor-section elementor-top-section elementor-element elementor-element-49a32edb elementor-section-height-min-height elementor-section-content-middle elementor-section-boxed elementor-section-height-default elementor-section-items-middle\" data-id=\"49a32edb\" data-element_type=\"section\" data-settings=\"{&quot;background_background&quot;:&quot;classic&quot;,&quot;shape_divider_bottom&quot;:&quot;tilt&quot;,&quot;jet_parallax_layout_list&quot;:[]}\">\n\t\t\t\t\t\t\t<div class=\"elementor-background-overlay\"><\/div>\n\t\t\t\t\t\t<div class=\"elementor-shape elementor-shape-bottom\" aria-hidden=\"true\" data-negative=\"false\">\n\t\t\t<svg xmlns=\"http:\/\/www.w3.org\/2000\/svg\" viewbox=\"0 0 1000 100\" preserveaspectratio=\"none\">\n\t<path class=\"elementor-shape-fill\" d=\"M0,6V0h1000v100L0,6z\"\/>\n<\/svg>\t\t<\/div>\n\t\t\t\t\t<div class=\"elementor-container elementor-column-gap-default\">\n\t\t\t\t\t<div class=\"elementor-column elementor-col-100 elementor-top-column elementor-element elementor-element-4b2ef8d\" data-id=\"4b2ef8d\" data-element_type=\"column\">\n\t\t\t<div class=\"elementor-widget-wrap\">\n\t\t\t\t\t\t\t<\/div>\n\t\t<\/div>\n\t\t\t\t\t<\/div>\n\t\t<\/section>\n\t\t\t\t<section class=\"elementor-section elementor-top-section elementor-element elementor-element-aae1653 elementor-section-boxed elementor-section-height-default elementor-section-height-default\" data-id=\"aae1653\" data-element_type=\"section\" data-settings=\"{&quot;background_background&quot;:&quot;classic&quot;,&quot;jet_parallax_layout_list&quot;:[]}\">\n\t\t\t\t\t\t<div class=\"elementor-container elementor-column-gap-no\">\n\t\t\t\t\t<div class=\"elementor-column elementor-col-100 elementor-top-column elementor-element elementor-element-5f73514a\" data-id=\"5f73514a\" data-element_type=\"column\">\n\t\t\t<div class=\"elementor-widget-wrap elementor-element-populated\">\n\t\t\t\t\t\t<section class=\"elementor-section elementor-inner-section elementor-element elementor-element-16c5b7e elementor-section-boxed elementor-section-height-default elementor-section-height-default\" data-id=\"16c5b7e\" data-element_type=\"section\" data-settings=\"{&quot;jet_parallax_layout_list&quot;:[]}\">\n\t\t\t\t\t\t<div class=\"elementor-container elementor-column-gap-default\">\n\t\t\t\t\t<div class=\"elementor-column elementor-col-25 elementor-inner-column elementor-element elementor-element-2bde056\" data-id=\"2bde056\" data-element_type=\"column\">\n\t\t\t<div class=\"elementor-widget-wrap\">\n\t\t\t\t\t\t\t<\/div>\n\t\t<\/div>\n\t\t\t\t<div class=\"elementor-column elementor-col-50 elementor-inner-column elementor-element elementor-element-9dd2b52\" data-id=\"9dd2b52\" data-element_type=\"column\">\n\t\t\t<div class=\"elementor-widget-wrap elementor-element-populated\">\n\t\t\t\t\t\t<div class=\"elementor-element elementor-element-3dbd295 elementor-invisible elementor-widget elementor-widget-heading\" data-id=\"3dbd295\" data-element_type=\"widget\" data-settings=\"{&quot;_animation&quot;:&quot;fadeInDown&quot;}\" data-widget_type=\"heading.default\">\n\t\t\t\t<div class=\"elementor-widget-container\">\n\t\t\t\t\t<h2 class=\"elementor-heading-title elementor-size-default\">Ertu svangur?<\/h2>\t\t\t\t<\/div>\n\t\t\t\t<\/div>\n\t\t\t\t<div class=\"elementor-element elementor-element-31829e9 elementor-widget elementor-widget-heading\" data-id=\"31829e9\" data-element_type=\"widget\" data-widget_type=\"heading.default\">\n\t\t\t\t<div class=\"elementor-widget-container\">\n\t\t\t\t\t<h6 class=\"elementor-heading-title elementor-size-default\">Nota\u00f0u Take away okkar<\/h6>\t\t\t\t<\/div>\n\t\t\t\t<\/div>\n\t\t\t\t<div class=\"elementor-element elementor-element-0a9e1bd elementor-widget elementor-widget-text-editor\" data-id=\"0a9e1bd\" data-element_type=\"widget\" data-widget_type=\"text-editor.default\">\n\t\t\t\t<div class=\"elementor-widget-container\">\n\t\t\t\t\t\t\t\t\t<p class=\"translation-block\">Vi\u00f0 reynum alltaf a\u00f0 halda vi\u00f0skiptavinum okkar \u00e1n\u00e6g\u00f0um.<br>Panta\u00f0u \u00e1 netinu og maturinn \u00feinn er tilb\u00fainn \u00feegar \u00fe\u00fa kemur til a\u00f0 s\u00e6kja!<\/p>\t\t\t\t\t\t\t\t<\/div>\n\t\t\t\t<\/div>\n\t\t\t\t\t<\/div>\n\t\t<\/div>\n\t\t\t\t<div class=\"elementor-column elementor-col-25 elementor-inner-column elementor-element elementor-element-7d1cbe6\" data-id=\"7d1cbe6\" data-element_type=\"column\">\n\t\t\t<div class=\"elementor-widget-wrap\">\n\t\t\t\t\t\t\t<\/div>\n\t\t<\/div>\n\t\t\t\t\t<\/div>\n\t\t<\/section>\n\t\t\t\t<section class=\"elementor-section elementor-inner-section elementor-element elementor-element-c15fda7 elementor-section-content-middle elementor-section-boxed elementor-section-height-default elementor-section-height-default\" data-id=\"c15fda7\" data-element_type=\"section\" data-settings=\"{&quot;jet_parallax_layout_list&quot;:[]}\">\n\t\t\t\t\t\t<div class=\"elementor-container elementor-column-gap-extended\">\n\t\t\t\t\t<div class=\"elementor-column elementor-col-33 elementor-inner-column elementor-element elementor-element-60eaaab\" data-id=\"60eaaab\" data-element_type=\"column\">\n\t\t\t<div class=\"elementor-widget-wrap\">\n\t\t\t\t\t\t\t<\/div>\n\t\t<\/div>\n\t\t\t\t<div class=\"elementor-column elementor-col-33 elementor-inner-column elementor-element elementor-element-b84d4cf\" data-id=\"b84d4cf\" data-element_type=\"column\">\n\t\t\t<div class=\"elementor-widget-wrap elementor-element-populated\">\n\t\t\t\t\t\t<div class=\"elementor-element elementor-element-d75cae9 elementor-invisible elementor-widget elementor-widget-heading\" data-id=\"d75cae9\" data-element_type=\"widget\" data-settings=\"{&quot;_animation&quot;:&quot;fadeInDown&quot;}\" data-widget_type=\"heading.default\">\n\t\t\t\t<div class=\"elementor-widget-container\">\n\t\t\t\t\t<h3 class=\"elementor-heading-title elementor-size-default\">Volcano Kebab Sp\u00f6ngin<\/h3>\t\t\t\t<\/div>\n\t\t\t\t<\/div>\n\t\t\t\t<div class=\"elementor-element elementor-element-21d8b38 elementor-invisible elementor-widget elementor-widget-heading\" data-id=\"21d8b38\" data-element_type=\"widget\" data-settings=\"{&quot;_animation&quot;:&quot;fadeInDown&quot;}\" data-widget_type=\"heading.default\">\n\t\t\t\t<div class=\"elementor-widget-container\">\n\t\t\t\t\t<h4 class=\"elementor-heading-title elementor-size-default\"><a href=\"tel:%20+3547923000\">+354 792 3000<\/a><\/h4>\t\t\t\t<\/div>\n\t\t\t\t<\/div>\n\t\t\t\t<div class=\"elementor-element elementor-element-ff2e340 elementor-invisible elementor-widget elementor-widget-heading\" data-id=\"ff2e340\" data-element_type=\"widget\" data-settings=\"{&quot;_animation&quot;:&quot;fadeInDown&quot;}\" data-widget_type=\"heading.default\">\n\t\t\t\t<div class=\"elementor-widget-container\">\n\t\t\t\t\t<h4 class=\"elementor-heading-title elementor-size-default\">Please don't call to order<\/br> use our website.<\/h4>\t\t\t\t<\/div>\n\t\t\t\t<\/div>\n\t\t\t\t\t<\/div>\n\t\t<\/div>\n\t\t\t\t<div class=\"elementor-column elementor-col-33 elementor-inner-column elementor-element elementor-element-dbd7d0a\" data-id=\"dbd7d0a\" data-element_type=\"column\">\n\t\t\t<div class=\"elementor-widget-wrap\">\n\t\t\t\t\t\t\t<\/div>\n\t\t<\/div>\n\t\t\t\t\t<\/div>\n\t\t<\/section>\n\t\t\t\t<section class=\"elementor-section elementor-inner-section elementor-element elementor-element-1b972dc elementor-section-boxed elementor-section-height-default elementor-section-height-default\" data-id=\"1b972dc\" data-element_type=\"section\" data-settings=\"{&quot;jet_parallax_layout_list&quot;:[]}\">\n\t\t\t\t\t\t<div class=\"elementor-container elementor-column-gap-wider\">\n\t\t\t\t\t<div class=\"elementor-column elementor-col-100 elementor-inner-column elementor-element elementor-element-27c9d0f\" data-id=\"27c9d0f\" data-element_type=\"column\">\n\t\t\t<div class=\"elementor-widget-wrap elementor-element-populated\">\n\t\t\t\t\t\t<div class=\"elementor-element elementor-element-915a5ca elementor-widget elementor-widget-google_maps\" data-id=\"915a5ca\" data-element_type=\"widget\" data-widget_type=\"google_maps.default\">\n\t\t\t\t<div class=\"elementor-widget-container\">\n\t\t\t\t\t\t\t<div class=\"elementor-custom-embed\">\n\t\t\t<iframe loading=\"lazy\"\n\t\t\t\t\tsrc=\"https:\/\/maps.google.com\/maps?q=Volcano%20Kebab%2C%20Sp%C3%B6ngin%2015%2C%20112%20Reykjav%C3%ADk&#038;t=m&#038;z=17&#038;output=embed&#038;iwloc=near\"\n\t\t\t\t\ttitle=\"Volcano Kebab, Sp\u00f6ngin 15, 112 Reykjav\u00edk\"\n\t\t\t\t\taria-label=\"Volcano Kebab, Sp\u00f6ngin 15, 112 Reykjav\u00edk\"\n\t\t\t><\/iframe>\n\t\t<\/div>\n\t\t\t\t\t\t<\/div>\n\t\t\t\t<\/div>\n\t\t\t\t\t<\/div>\n\t\t<\/div>\n\t\t\t\t\t<\/div>\n\t\t<\/section>\n\t\t\t\t<section class=\"elementor-section elementor-inner-section elementor-element elementor-element-f706762 elementor-section-boxed elementor-section-height-default elementor-section-height-default\" data-id=\"f706762\" data-element_type=\"section\" data-settings=\"{&quot;jet_parallax_layout_list&quot;:[]}\">\n\t\t\t\t\t\t<div class=\"elementor-container elementor-column-gap-default\">\n\t\t\t\t\t<div class=\"elementor-column elementor-col-25 elementor-inner-column elementor-element elementor-element-e16d94a\" data-id=\"e16d94a\" data-element_type=\"column\">\n\t\t\t<div class=\"elementor-widget-wrap\">\n\t\t\t\t\t\t\t<\/div>\n\t\t<\/div>\n\t\t\t\t<div class=\"elementor-column elementor-col-50 elementor-inner-column elementor-element elementor-element-dc0e1c2\" data-id=\"dc0e1c2\" data-element_type=\"column\">\n\t\t\t<div class=\"elementor-widget-wrap elementor-element-populated\">\n\t\t\t\t\t\t<div class=\"elementor-element elementor-element-1bb9bc3 elementor-widget elementor-widget-image\" data-id=\"1bb9bc3\" data-element_type=\"widget\" data-widget_type=\"image.default\">\n\t\t\t\t<div class=\"elementor-widget-container\">\n\t\t\t\t\t\t\t\t\t\t\t\t\t\t\t<img decoding=\"async\" width=\"200\" height=\"35\" src=\"https:\/\/volcanokebab.is\/wp-content\/uploads\/2022\/12\/divider-free-img-1.png\" class=\"attachment-full size-full wp-image-572\" alt=\"\" \/>\t\t\t\t\t\t\t\t\t\t\t\t\t\t\t<\/div>\n\t\t\t\t<\/div>\n\t\t\t\t<div class=\"elementor-element elementor-element-96c1dfa elementor-invisible elementor-widget elementor-widget-heading\" data-id=\"96c1dfa\" data-element_type=\"widget\" data-settings=\"{&quot;_animation&quot;:&quot;fadeInDown&quot;}\" data-widget_type=\"heading.default\">\n\t\t\t\t<div class=\"elementor-widget-container\">\n\t\t\t\t\t<h3 class=\"elementor-heading-title elementor-size-default\">Opnunart\u00edmar<\/h3>\t\t\t\t<\/div>\n\t\t\t\t<\/div>\n\t\t\t\t\t<\/div>\n\t\t<\/div>\n\t\t\t\t<div class=\"elementor-column elementor-col-25 elementor-inner-column elementor-element elementor-element-01142af elementor-hidden-mobile\" data-id=\"01142af\" data-element_type=\"column\">\n\t\t\t<div class=\"elementor-widget-wrap\">\n\t\t\t\t\t\t\t<\/div>\n\t\t<\/div>\n\t\t\t\t\t<\/div>\n\t\t<\/section>\n\t\t\t\t<section class=\"elementor-section elementor-inner-section elementor-element elementor-element-f9823a1 elementor-section-content-middle elementor-section-boxed elementor-section-height-default elementor-section-height-default\" data-id=\"f9823a1\" data-element_type=\"section\" data-settings=\"{&quot;jet_parallax_layout_list&quot;:[]}\">\n\t\t\t\t\t\t<div class=\"elementor-container elementor-column-gap-no\">\n\t\t\t\t\t<div class=\"elementor-column elementor-col-33 elementor-inner-column elementor-element elementor-element-d8a05c4 elementor-hidden-mobile\" data-id=\"d8a05c4\" data-element_type=\"column\">\n\t\t\t<div class=\"elementor-widget-wrap\">\n\t\t\t\t\t\t\t<\/div>\n\t\t<\/div>\n\t\t\t\t<div class=\"elementor-column elementor-col-33 elementor-inner-column elementor-element elementor-element-9e36216\" data-id=\"9e36216\" data-element_type=\"column\">\n\t\t\t<div class=\"elementor-widget-wrap elementor-element-populated\">\n\t\t\t\t\t\t<div class=\"elementor-element elementor-element-b09cd7c elementor-widget-mobile__width-initial elementor-widget elementor-widget-heading\" data-id=\"b09cd7c\" data-element_type=\"widget\" data-widget_type=\"heading.default\">\n\t\t\t\t<div class=\"elementor-widget-container\">\n\t\t\t\t\t<h5 class=\"elementor-heading-title elementor-size-default\">M\u00e1n - Sun: 11:00 - 23:00<\/h5>\t\t\t\t<\/div>\n\t\t\t\t<\/div>\n\t\t\t\t\t<\/div>\n\t\t<\/div>\n\t\t\t\t<div class=\"elementor-column elementor-col-33 elementor-inner-column elementor-element elementor-element-c349fa5 elementor-hidden-mobile\" data-id=\"c349fa5\" data-element_type=\"column\">\n\t\t\t<div class=\"elementor-widget-wrap\">\n\t\t\t\t\t\t\t<\/div>\n\t\t<\/div>\n\t\t\t\t\t<\/div>\n\t\t<\/section>\n\t\t\t\t\t<\/div>\n\t\t<\/div>\n\t\t\t\t\t<\/div>\n\t\t<\/section>\n\t\t\t\t<\/div>","protected":false},"excerpt":{"rendered":"<p>Are You Hungry? Use our Take away We always try to keep our clients satisfied.Order online and your food is ready when you arrive to pickup! Volcano Kebab Sp\u00f6ngin +354 792 3000 Please don&#8217;t call to order use our website. Opening Hours Mon &#8211; Sun: 11:00 &#8211; 23:00<\/p>","protected":false},"author":2,"featured_media":0,"parent":0,"menu_order":0,"comment_status":"closed","ping_status":"closed","template":"elementor_header_footer","meta":{"_kad_post_transparent":"","_kad_post_title":"","_kad_post_layout":"","_kad_post_sidebar_id":"","_kad_post_content_style":"","_kad_post_vertical_padding":"","_kad_post_feature":"","_kad_post_feature_position":"","_kad_post_header":false,"_kad_post_footer":false,"footnotes":""},"class_list":["post-670","page","type-page","status-publish","hentry"],"yoast_head":"<!-- This site is optimized with the Yoast SEO plugin v26.0 - https:\/\/yoast.com\/wordpress\/plugins\/seo\/ -->\n<title>Contact Us - Volcano Kebab<\/title>\n<meta name=\"robots\" content=\"index, follow, max-snippet:-1, max-image-preview:large, max-video-preview:-1\" \/>\n<link rel=\"canonical\" href=\"https:\/\/volcanokebab.is\/is\/contact-us\/\" \/>\n<meta property=\"og:locale\" content=\"is_IS\" \/>\n<meta property=\"og:type\" content=\"article\" \/>\n<meta property=\"og:title\" content=\"Contact Us - Volcano Kebab\" \/>\n<meta property=\"og:description\" content=\"Are You Hungry? Use our Take away We always try to keep our clients satisfied.Order online and your food is ready when you arrive to pickup! Volcano Kebab Sp\u00f6ngin +354 792 3000 Please don&#8217;t call to order use our website. Opening Hours Mon &#8211; Sun: 11:00 &#8211; 23:00\" \/>\n<meta property=\"og:url\" content=\"https:\/\/volcanokebab.is\/is\/contact-us\/\" \/>\n<meta property=\"og:site_name\" content=\"Volcano Kebab\" \/>\n<meta property=\"article:publisher\" content=\"https:\/\/www.facebook.com\/profile.php?id=100087734496148\" \/>\n<meta property=\"article:modified_time\" content=\"2023-10-18T20:55:10+00:00\" \/>\n<meta property=\"og:image\" content=\"https:\/\/volcanokebab.is\/wp-content\/uploads\/2022\/12\/divider-free-img-1.png\" \/>\n<meta name=\"twitter:card\" content=\"summary_large_image\" \/>\n<meta name=\"twitter:label1\" content=\"Est. reading time\" \/>\n\t<meta name=\"twitter:data1\" content=\"1 minute\" \/>\n<script type=\"application\/ld+json\" class=\"yoast-schema-graph\">{\"@context\":\"https:\/\/schema.org\",\"@graph\":[{\"@type\":\"WebPage\",\"@id\":\"https:\/\/volcanokebab.is\/contact-us\/\",\"url\":\"https:\/\/volcanokebab.is\/contact-us\/\",\"name\":\"Contact Us - Volcano Kebab\",\"isPartOf\":{\"@id\":\"https:\/\/volcanokebab.is\/#website\"},\"primaryImageOfPage\":{\"@id\":\"https:\/\/volcanokebab.is\/contact-us\/#primaryimage\"},\"image\":{\"@id\":\"https:\/\/volcanokebab.is\/contact-us\/#primaryimage\"},\"thumbnailUrl\":\"https:\/\/volcanokebab.is\/wp-content\/uploads\/2022\/12\/divider-free-img-1.png\",\"datePublished\":\"2018-10-01T13:10:34+00:00\",\"dateModified\":\"2023-10-18T20:55:10+00:00\",\"breadcrumb\":{\"@id\":\"https:\/\/volcanokebab.is\/contact-us\/#breadcrumb\"},\"inLanguage\":\"is\",\"potentialAction\":[{\"@type\":\"ReadAction\",\"target\":[\"https:\/\/volcanokebab.is\/contact-us\/\"]}]},{\"@type\":\"ImageObject\",\"inLanguage\":\"is\",\"@id\":\"https:\/\/volcanokebab.is\/contact-us\/#primaryimage\",\"url\":\"https:\/\/volcanokebab.is\/wp-content\/uploads\/2022\/12\/divider-free-img-1.png\",\"contentUrl\":\"https:\/\/volcanokebab.is\/wp-content\/uploads\/2022\/12\/divider-free-img-1.png\"},{\"@type\":\"BreadcrumbList\",\"@id\":\"https:\/\/volcanokebab.is\/contact-us\/#breadcrumb\",\"itemListElement\":[{\"@type\":\"ListItem\",\"position\":1,\"name\":\"Home\",\"item\":\"https:\/\/volcanokebab.is\/\"},{\"@type\":\"ListItem\",\"position\":2,\"name\":\"Contact Us\"}]},{\"@type\":\"WebSite\",\"@id\":\"https:\/\/volcanokebab.is\/#website\",\"url\":\"https:\/\/volcanokebab.is\/\",\"name\":\"Volcano Kebab\",\"description\":\"Volcano Kebab - Sp\u00f6ngin Reykjav\u00edk\",\"publisher\":{\"@id\":\"https:\/\/volcanokebab.is\/#organization\"},\"potentialAction\":[{\"@type\":\"SearchAction\",\"target\":{\"@type\":\"EntryPoint\",\"urlTemplate\":\"https:\/\/volcanokebab.is\/?s={search_term_string}\"},\"query-input\":{\"@type\":\"PropertyValueSpecification\",\"valueRequired\":true,\"valueName\":\"search_term_string\"}}],\"inLanguage\":\"is\"},{\"@type\":\"Organization\",\"@id\":\"https:\/\/volcanokebab.is\/#organization\",\"name\":\"Volcano Kebab\",\"url\":\"https:\/\/volcanokebab.is\/\",\"logo\":{\"@type\":\"ImageObject\",\"inLanguage\":\"is\",\"@id\":\"https:\/\/volcanokebab.is\/#\/schema\/logo\/image\/\",\"url\":\"https:\/\/volcanokebab.is\/wp-content\/uploads\/2023\/04\/cropped-logo-X.webp\",\"contentUrl\":\"https:\/\/volcanokebab.is\/wp-content\/uploads\/2023\/04\/cropped-logo-X.webp\",\"width\":512,\"height\":512,\"caption\":\"Volcano Kebab\"},\"image\":{\"@id\":\"https:\/\/volcanokebab.is\/#\/schema\/logo\/image\/\"},\"sameAs\":[\"https:\/\/www.facebook.com\/profile.php?id=100087734496148\"]}]}<\/script>\n<!-- \/ Yoast SEO plugin. -->","yoast_head_json":{"title":"Contact Us - Volcano Kebab","robots":{"index":"index","follow":"follow","max-snippet":"max-snippet:-1","max-image-preview":"max-image-preview:large","max-video-preview":"max-video-preview:-1"},"canonical":"https:\/\/volcanokebab.is\/is\/contact-us\/","og_locale":"is_IS","og_type":"article","og_title":"Contact Us - Volcano Kebab","og_description":"Are You Hungry? Use our Take away We always try to keep our clients satisfied.Order online and your food is ready when you arrive to pickup! Volcano Kebab Sp\u00f6ngin +354 792 3000 Please don&#8217;t call to order use our website. Opening Hours Mon &#8211; Sun: 11:00 &#8211; 23:00","og_url":"https:\/\/volcanokebab.is\/is\/contact-us\/","og_site_name":"Volcano Kebab","article_publisher":"https:\/\/www.facebook.com\/profile.php?id=100087734496148","article_modified_time":"2023-10-18T20:55:10+00:00","og_image":[{"url":"https:\/\/volcanokebab.is\/wp-content\/uploads\/2022\/12\/divider-free-img-1.png","type":"","width":"","height":""}],"twitter_card":"summary_large_image","twitter_misc":{"Est. reading time":"1 minute"},"schema":{"@context":"https:\/\/schema.org","@graph":[{"@type":"WebPage","@id":"https:\/\/volcanokebab.is\/contact-us\/","url":"https:\/\/volcanokebab.is\/contact-us\/","name":"Contact Us - Volcano Kebab","isPartOf":{"@id":"https:\/\/volcanokebab.is\/#website"},"primaryImageOfPage":{"@id":"https:\/\/volcanokebab.is\/contact-us\/#primaryimage"},"image":{"@id":"https:\/\/volcanokebab.is\/contact-us\/#primaryimage"},"thumbnailUrl":"https:\/\/volcanokebab.is\/wp-content\/uploads\/2022\/12\/divider-free-img-1.png","datePublished":"2018-10-01T13:10:34+00:00","dateModified":"2023-10-18T20:55:10+00:00","breadcrumb":{"@id":"https:\/\/volcanokebab.is\/contact-us\/#breadcrumb"},"inLanguage":"is","potentialAction":[{"@type":"ReadAction","target":["https:\/\/volcanokebab.is\/contact-us\/"]}]},{"@type":"ImageObject","inLanguage":"is","@id":"https:\/\/volcanokebab.is\/contact-us\/#primaryimage","url":"https:\/\/volcanokebab.is\/wp-content\/uploads\/2022\/12\/divider-free-img-1.png","contentUrl":"https:\/\/volcanokebab.is\/wp-content\/uploads\/2022\/12\/divider-free-img-1.png"},{"@type":"BreadcrumbList","@id":"https:\/\/volcanokebab.is\/contact-us\/#breadcrumb","itemListElement":[{"@type":"ListItem","position":1,"name":"Home","item":"https:\/\/volcanokebab.is\/"},{"@type":"ListItem","position":2,"name":"Contact Us"}]},{"@type":"WebSite","@id":"https:\/\/volcanokebab.is\/#website","url":"https:\/\/volcanokebab.is\/","name":"Volcano Kebab","description":"Volcano Kebab - Sp\u00f6ngin Reykjav\u00edk","publisher":{"@id":"https:\/\/volcanokebab.is\/#organization"},"potentialAction":[{"@type":"SearchAction","target":{"@type":"EntryPoint","urlTemplate":"https:\/\/volcanokebab.is\/?s={search_term_string}"},"query-input":{"@type":"PropertyValueSpecification","valueRequired":true,"valueName":"search_term_string"}}],"inLanguage":"is"},{"@type":"Organization","@id":"https:\/\/volcanokebab.is\/#organization","name":"Volcano Kebab","url":"https:\/\/volcanokebab.is\/","logo":{"@type":"ImageObject","inLanguage":"is","@id":"https:\/\/volcanokebab.is\/#\/schema\/logo\/image\/","url":"https:\/\/volcanokebab.is\/wp-content\/uploads\/2023\/04\/cropped-logo-X.webp","contentUrl":"https:\/\/volcanokebab.is\/wp-content\/uploads\/2023\/04\/cropped-logo-X.webp","width":512,"height":512,"caption":"Volcano Kebab"},"image":{"@id":"https:\/\/volcanokebab.is\/#\/schema\/logo\/image\/"},"sameAs":["https:\/\/www.facebook.com\/profile.php?id=100087734496148"]}]}},"_links":{"self":[{"href":"https:\/\/volcanokebab.is\/is\/wp-json\/wp\/v2\/pages\/670","targetHints":{"allow":["GET"]}}],"collection":[{"href":"https:\/\/volcanokebab.is\/is\/wp-json\/wp\/v2\/pages"}],"about":[{"href":"https:\/\/volcanokebab.is\/is\/wp-json\/wp\/v2\/types\/page"}],"author":[{"embeddable":true,"href":"https:\/\/volcanokebab.is\/is\/wp-json\/wp\/v2\/users\/2"}],"replies":[{"embeddable":true,"href":"https:\/\/volcanokebab.is\/is\/wp-json\/wp\/v2\/comments?post=670"}],"version-history":[{"count":73,"href":"https:\/\/volcanokebab.is\/is\/wp-json\/wp\/v2\/pages\/670\/revisions"}],"predecessor-version":[{"id":1749,"href":"https:\/\/volcanokebab.is\/is\/wp-json\/wp\/v2\/pages\/670\/revisions\/1749"}],"wp:attachment":[{"href":"https:\/\/volcanokebab.is\/is\/wp-json\/wp\/v2\/media?parent=670"}],"curies":[{"name":"wp","href":"https:\/\/api.w.org\/{rel}","templated":true}]}}